{"id":25090,"date":"2024-04-22T14:40:02","date_gmt":"2024-04-22T13:40:02","guid":{"rendered":"https:\/\/www.tonyelumelufoundation.org\/?page_id=25090"},"modified":"2024-10-15T13:30:29","modified_gmt":"2024-10-15T12:30:29","slug":"lettre-des-fondateurs","status":"publish","type":"page","link":"https:\/\/www.tonyelumelufoundation.org\/fr\/founders-letter","title":{"rendered":"Lettre du fondateur"},"content":{"rendered":"<div data-elementor-type=\"wp-page\" data-elementor-id=\"25090\" class=\"elementor elementor-25090\" data-elementor-post-type=\"page\">\n\t\t\t\t\t\t<section class=\"elementor-section elementor-top-section elementor-element elementor-element-30bf723 elementor-section-height-min-height elementor-section-stretched elementor-section-boxed elementor-section-height-default elementor-section-items-middle\" data-id=\"30bf723\" data-element_type=\"section\" data-e-type=\"section\" data-settings=\"{&quot;background_background&quot;:&quot;classic&quot;,&quot;stretch_section&quot;:&quot;section-stretched&quot;}\">\n\t\t\t\t\t\t\t<div class=\"elementor-background-overlay\"><\/div>\n\t\t\t\t\t\t\t<div class=\"elementor-container elementor-column-gap-no\">\n\t\t\t\t\t<div class=\"elementor-column elementor-col-50 elementor-top-column elementor-element elementor-element-95a5715\" data-id=\"95a5715\" data-element_type=\"column\" data-e-type=\"column\" data-settings=\"{&quot;background_background&quot;:&quot;classic&quot;}\">\n\t\t\t<div class=\"elementor-widget-wrap elementor-element-populated\">\n\t\t\t\t\t\t<div class=\"elementor-element elementor-element-c72a00c animated-slow elementor-invisible elementor-widget elementor-widget-heading\" data-id=\"c72a00c\" data-element_type=\"widget\" data-e-type=\"widget\" data-settings=\"{&quot;_animation&quot;:&quot;fadeIn&quot;}\" data-widget_type=\"heading.default\">\n\t\t\t\t<div class=\"elementor-widget-container\">\n\t\t\t\t\t<h1 class=\"elementor-heading-title elementor-size-default\">Lettre du fondateur<\/h1>\t\t\t\t<\/div>\n\t\t\t\t<\/div>\n\t\t\t\t\t<\/div>\n\t\t<\/div>\n\t\t\t\t<div class=\"elementor-column elementor-col-50 elementor-top-column elementor-element elementor-element-e2ab176\" data-id=\"e2ab176\" data-element_type=\"column\" data-e-type=\"column\">\n\t\t\t<div class=\"elementor-widget-wrap\">\n\t\t\t\t\t\t\t<\/div>\n\t\t<\/div>\n\t\t\t\t\t<\/div>\n\t\t<\/section>\n\t\t\t\t<section class=\"elementor-section elementor-top-section elementor-element elementor-element-3cc4793 elementor-section-boxed elementor-section-height-default elementor-section-height-default\" data-id=\"3cc4793\" data-element_type=\"section\" data-e-type=\"section\">\n\t\t\t\t\t\t<div class=\"elementor-container elementor-column-gap-default\">\n\t\t\t\t\t<div class=\"elementor-column elementor-col-100 elementor-top-column elementor-element elementor-element-73f2eb7\" data-id=\"73f2eb7\" data-element_type=\"column\" data-e-type=\"column\" data-settings=\"{&quot;background_background&quot;:&quot;classic&quot;}\">\n\t\t\t<div class=\"elementor-widget-wrap elementor-element-populated\">\n\t\t\t\t\t\t<div class=\"elementor-element elementor-element-15f9d4a elementor-widget elementor-widget-text-editor\" data-id=\"15f9d4a\" data-element_type=\"widget\" data-e-type=\"widget\" data-widget_type=\"text-editor.default\">\n\t\t\t\t<div class=\"elementor-widget-container\">\n\t\t\t\t\t\t\t\t\t<p>En tant qu\u2019Africain, je vois et j\u2019ai vu de mes propres yeux \u2013 d\u00e8s ma jeunesse \u2013 le lien entre l\u2019environnement, la pauvret\u00e9 et le climat. Je viens de la r\u00e9gion du delta du Niger au Nigeria et, en grandissant, j&#039;ai \u00e9t\u00e9 directement t\u00e9moin de la mani\u00e8re dont la d\u00e9gradation et la trag\u00e9die de l&#039;environnement conduisent \u00e0 une trag\u00e9die humaine et sanitaire.<\/p>\n<p>Lorsque ma femme et moi avons cr\u00e9\u00e9 la Fondation Tony Elumelu en 2010, notre objectif \u00e9tait d\u2019autonomiser et d\u2019am\u00e9liorer la vie des jeunes de mani\u00e8re catalytique, de mani\u00e8re \u00e0 aider l\u2019Afrique \u00e0 se d\u00e9velopper de l\u2019int\u00e9rieur. Nous pensons que personne d\u2019autre que nous ne d\u00e9veloppera l\u2019Afrique. Nous savons o\u00f9 le b\u00e2t blesse et ce que l\u2019on ressent. Treize ans plus tard, nous sommes tr\u00e8s heureux de voir ces jeunes Africains que nous avons soutenus au fil des ann\u00e9es \u2013 \u00e0 quel point ils sont \u00e9nergiques et \u00e0 quel point ils sont enthousiastes \u00e0 l&#039;id\u00e9e de contribuer, par leur propre contribution, \u00e0 changer et \u00e0 am\u00e9liorer la vie sur le continent.<\/p>\n<p>Nous constatons l\u2019impact d\u00e9vastateur du changement climatique sur le continent. Nous voyons \u00e0 quel point son impact n\u00e9gatif prive des vies et des moyens de subsistance. Nous voyons des inondations. Nous voyons la famine. Nous assistons \u00e0 la d\u00e9sertification. Nous voyons la maladie. La pr\u00e9valence du paludisme augmente en raison des changements de temp\u00e9rature et des conditions m\u00e9t\u00e9orologiques difficiles. La lutte contre le paludisme est devenue plus difficile que jamais. En effet, on ne peut pas parler de d\u00e9veloppement \u00e9conomique de l\u2019Afrique sans lutter contre le changement climatique.<\/p>\n<p>Le ch\u00f4mage est une trahison envers les jeunes Africains. Le ch\u00f4mage des jeunes reste un probl\u00e8me majeur sur le continent. L\u2019impact d\u00e9sastreux du changement climatique aggrave le ch\u00f4mage. Nous lisons et entendons parler du probl\u00e8me de l&#039;\u00e9migration des jeunes d&#039;Afrique vers l&#039;Europe dans des conditions tr\u00e8s difficiles. Nous devons nous demander pourquoi ils font cela. Parce qu&#039;ils sont motiv\u00e9s par la pauvret\u00e9 ; ils sont motiv\u00e9s par le ch\u00f4mage, ils sont motiv\u00e9s par le fait qu&#039;il n&#039;y a aucun espoir pour demain, alors ils pr\u00e9f\u00e8rent mourir en traversant la M\u00e9diterran\u00e9e plut\u00f4t que de rester assis sur le continent et sans emploi.<\/p>\n<p>C&#039;est la trag\u00e9die de notre vie. Nous devons travailler en collaboration \u2013 agences de d\u00e9veloppement, gouvernements et secteur priv\u00e9 mondial. Comment cr\u00e9er des emplois pour nos jeunes ? Comment pouvons-nous am\u00e9liorer les conditions \u00e9conomiques et humaines sur le continent africain ?<\/p>\n<p>Comment y parvenir face \u00e0 l\u2019impact climatique ? Si tu veux aller vite, tu y vas seul. Si tu veux aller loin, tu vas avec les gens. Pour que cela r\u00e9ussisse, nous avons besoin d\u2019une coalition, d\u2019une coalition mondiale, d\u2019une coalition Nord-Sud. Nous avons besoin de nos femmes, de nos jeunes, de notre secteur priv\u00e9, des agences de d\u00e9veloppement et du gouvernement, de nous tous unis pour propager et faire savoir au monde, comme nous le voyons chaque jour dans nos communaut\u00e9s respectives, que le changement climatique est r\u00e9el. Cela a un impact r\u00e9v\u00e9lateur sur la sant\u00e9. Cela a un impact significatif sur le ch\u00f4mage. Cela a un impact \u00e9norme sur la s\u00e9curit\u00e9.<\/p>\n<p>Les personnes priv\u00e9es de leurs opportunit\u00e9s \u00e9conomiques se tournent vers l\u2019extr\u00e9misme. J&#039;ai vu cela de premi\u00e8re main. L\u2019extr\u00e9misme est aliment\u00e9 par la pauvret\u00e9 et aggrav\u00e9 par la d\u00e9sertification. Si vous regardez la r\u00e9gion du Sahel en Afrique, une r\u00e9gion qui souffre le plus du changement climatique, l\u2019ins\u00e9curit\u00e9 y est la plus \u00e9lev\u00e9e. Nos jeunes en Afrique vivent actuellement dans l&#039;un des contextes les plus difficiles et les plus complexes au monde. Nous devons nous mobiliser en tant que dirigeants des secteurs public et priv\u00e9 pour aborder le r\u00f4le essentiel de la jeunesse dans la contribution \u00e0 la paix, \u00e0 la s\u00e9curit\u00e9, \u00e0 la stabilit\u00e9 et \u00e0 la croissance \u00e9conomique en Afrique.<\/p>\n<p>Les jeunes du continent, en particulier les entrepreneurs \u00e9nergiques et dynamiques, pr\u00e9sentent la meilleure opportunit\u00e9 de catalyser un d\u00e9veloppement \u00e9conomique durable pour l&#039;\u00e9mergence de l&#039;Afrique. La r\u00e9ussite de nos jeunes entrepreneurs africains engendrera l\u2019essor de la classe moyenne africaine. L&#039;Afrique subsaharienne a le taux d&#039;entrepreneuriat le plus \u00e9lev\u00e9 au monde : pr\u00e8s de 601\u00a0TP3T de la population active sont des travailleurs ind\u00e9pendants ou des employeurs et nous devons exploiter ce potentiel pour le d\u00e9veloppement socio-\u00e9conomique du continent.<\/p>\n<p>L&#039;approche catalytique de la Fondation Tony Elumelu en mati\u00e8re de cr\u00e9ation d&#039;emplois responsabilise les jeunes entrepreneurs dans les 54 pays du continent en fournissant un capital d&#039;amor\u00e7age, une formation et un mentorat. Nos plus de 19\u00a0000 jeunes entrepreneurs africains qui ont \u00e9t\u00e9 financ\u00e9s avec un capital d\u2019amor\u00e7age de 5\u00a0000 US$ et ont re\u00e7u une formation commerciale et un mentorat ont cr\u00e9\u00e9 directement et indirectement 400\u00a0000 emplois \u00e0 travers le continent. Gr\u00e2ce \u00e0 notre plateforme TEFConnect.com, nous avons donn\u00e9 acc\u00e8s \u00e0 des contenus de formation en gestion d&#039;entreprise \u00e0 1,5 million de jeunes Africains sur le continent.<\/p>\n<p>Nous comprenons le r\u00f4le de l\u2019entrepreneuriat dans le renforcement de la r\u00e9silience climatique. Les entrepreneurs et leurs id\u00e9es innovantes peuvent contribuer \u00e0 r\u00e9soudre la crise climatique \u00e0 laquelle le continent est confront\u00e9 \u2013 une combinaison dangereuse d\u2019\u00e9missions de carbone, de d\u00e9gradation de l\u2019environnement et de r\u00e9chauffement climatique. L&#039;entrepreneuriat vert et l&#039;agripreneuriat jouent un r\u00f4le essentiel dans la promotion d&#039;un \u00e9tat d&#039;esprit plus vert et plus durable ainsi que dans l&#039;offre de solutions innovantes aux probl\u00e8mes environnementaux, et nous devons inclure les personnes derri\u00e8re ces entreprises pour pouvoir atteindre l&#039;\u00e9quit\u00e9 climatique \u00e0 un niveau granulaire. Plus de 1 500 entrepreneurs de la Fondation Tony Elumelu dirigent de petites entreprises abordant des questions environnementales, dans des secteurs allant de la production d&#039;\u00e9nergie\/\u00e9lectricit\u00e9 \u00e0 la gestion des d\u00e9chets. Les entrepreneurs du Nig\u00e9ria, de l\u2019Ouganda et du Kenya ont jusqu\u2019\u00e0 pr\u00e9sent d\u00e9velopp\u00e9 les entreprises les plus respectueuses de l\u2019environnement et soucieuses du d\u00e9veloppement durable.<\/p>\n<p>Notre dernier rapport d\u2019impact montre notre approche et nos r\u00e9alisations dans le domaine des espaces verts. Les entreprises vertes que nous avons soutenues ont collectivement cr\u00e9\u00e9 pr\u00e8s de 10 000 emplois d\u00e9cents. Pas moins de 841 TP3T de nos anciens \u00e9l\u00e8ves du TEF ont pris des mesures pour minimiser les \u00e9missions de carbone dans leurs op\u00e9rations. Au total, 91% parmi nos entrepreneurs r\u00e9duisent activement le gaspillage dans leurs pratiques commerciales. Gr\u00e2ce \u00e0 nos programmes et \u00e0 nos approches innovantes, nous progressons vers la r\u00e9alisation de notre vision d\u2019un continent autonome et prosp\u00e8re. Mais nous devons faire davantage.<\/p>\n<p>Nous sommes impatients de nouer de nouveaux partenariats avec des partenaires partageant les m\u00eames id\u00e9es et d\u00e9termin\u00e9s \u00e0 autonomiser les jeunes entrepreneurs africains. Comme on dit, si on veut aller vite, on y va seul. Si tu veux aller loin, tu vas avec les gens. C&#039;est une question de partenariat, c&#039;est une question d&#039;unit\u00e9, c&#039;est que nous prenions tous conscience qu&#039;il y a tant \u00e0 faire pour autonomiser les jeunes sur le continent africain. Une institution, une fondation ne peut pas y parvenir seule ; nous avons besoin du pouvoir de la collaboration, nous avons besoin du pouvoir du partenariat. Nous devons jouer notre r\u00f4le pour rendre le monde meilleur pour tous, car la pauvret\u00e9, o\u00f9 qu&#039;elle soit, est une menace pour nous tous, partout dans le monde.<\/p>\n<div style=\"text-align: justify;\"><br><\/div>\n<p><\/p>\t\t\t\t\t\t\t\t<\/div>\n\t\t\t\t<\/div>\n\t\t\t\t\t<\/div>\n\t\t<\/div>\n\t\t\t\t\t<\/div>\n\t\t<\/section>\n\t\t\t\t<section class=\"elementor-section elementor-top-section elementor-element elementor-element-0f1daf9 elementor-section-boxed elementor-section-height-default elementor-section-height-default\" data-id=\"0f1daf9\" data-element_type=\"section\" data-e-type=\"section\">\n\t\t\t\t\t\t<div class=\"elementor-container elementor-column-gap-default\">\n\t\t\t\t\t<div class=\"elementor-column elementor-col-25 elementor-top-column elementor-element elementor-element-5a2de68\" data-id=\"5a2de68\" data-element_type=\"column\" data-e-type=\"column\">\n\t\t\t<div class=\"elementor-widget-wrap elementor-element-populated\">\n\t\t\t\t\t\t<div class=\"elementor-element elementor-element-8b44e34 elementor-widget elementor-widget-image\" data-id=\"8b44e34\" data-element_type=\"widget\" data-e-type=\"widget\" data-widget_type=\"image.default\">\n\t\t\t\t<div class=\"elementor-widget-container\">\n\t\t\t\t\t\t\t\t\t\t\t\t\t\t\t<img decoding=\"async\" width=\"150\" height=\"150\" src=\"https:\/\/www.tonyelumelufoundation.org\/wp-content\/uploads\/2024\/04\/Untitled-14-1-150x150.png\" class=\"attachment-thumbnail size-thumbnail wp-image-25123\" alt=\"\" srcset=\"https:\/\/www.tonyelumelufoundation.org\/wp-content\/uploads\/2024\/04\/Untitled-14-1-150x150.png 150w, https:\/\/www.tonyelumelufoundation.org\/wp-content\/uploads\/2024\/04\/Untitled-14-1-100x100.png 100w\" sizes=\"(max-width: 150px) 100vw, 150px\">\t\t\t\t\t\t\t\t\t\t\t\t\t\t\t<\/div>\n\t\t\t\t<\/div>\n\t\t\t\t\t<\/div>\n\t\t<\/div>\n\t\t\t\t<div class=\"elementor-column elementor-col-25 elementor-top-column elementor-element elementor-element-f3278c3\" data-id=\"f3278c3\" data-element_type=\"column\" data-e-type=\"column\">\n\t\t\t<div class=\"elementor-widget-wrap\">\n\t\t\t\t\t\t\t<\/div>\n\t\t<\/div>\n\t\t\t\t<div class=\"elementor-column elementor-col-25 elementor-top-column elementor-element elementor-element-d1dd60a\" data-id=\"d1dd60a\" data-element_type=\"column\" data-e-type=\"column\">\n\t\t\t<div class=\"elementor-widget-wrap\">\n\t\t\t\t\t\t\t<\/div>\n\t\t<\/div>\n\t\t\t\t<div class=\"elementor-column elementor-col-25 elementor-top-column elementor-element elementor-element-3b1d7e9\" data-id=\"3b1d7e9\" data-element_type=\"column\" data-e-type=\"column\">\n\t\t\t<div class=\"elementor-widget-wrap\">\n\t\t\t\t\t\t\t<\/div>\n\t\t<\/div>\n\t\t\t\t\t<\/div>\n\t\t<\/section>\n\t\t\t\t<section class=\"elementor-section elementor-top-section elementor-element elementor-element-3f3b0b6 elementor-section-boxed elementor-section-height-default elementor-section-height-default\" data-id=\"3f3b0b6\" data-element_type=\"section\" data-e-type=\"section\">\n\t\t\t\t\t\t<div class=\"elementor-container elementor-column-gap-default\">\n\t\t\t\t\t<div class=\"elementor-column elementor-col-100 elementor-top-column elementor-element elementor-element-5479704\" data-id=\"5479704\" data-element_type=\"column\" data-e-type=\"column\">\n\t\t\t<div class=\"elementor-widget-wrap elementor-element-populated\">\n\t\t\t\t\t\t<div class=\"elementor-element elementor-element-3a132c4 elementor-widget elementor-widget-spacer\" data-id=\"3a132c4\" data-element_type=\"widget\" data-e-type=\"widget\" data-widget_type=\"spacer.default\">\n\t\t\t\t<div class=\"elementor-widget-container\">\n\t\t\t\t\t\t\t<div class=\"elementor-spacer\">\n\t\t\t<div class=\"elementor-spacer-inner\"><\/div>\n\t\t<\/div>\n\t\t\t\t\t\t<\/div>\n\t\t\t\t<\/div>\n\t\t\t\t\t<\/div>\n\t\t<\/div>\n\t\t\t\t\t<\/div>\n\t\t<\/section>\n\t\t\t\t<\/div>","protected":false},"excerpt":{"rendered":"<p>Founder&#8217;s Letter As an African, I see and have seen firsthand \u2013right from my youth \u2013 the linkage between the environment, poverty, and climate. I come from the Niger Delta region of Nigeria and, growing up, I witnessed directly how environmental degradation and tragedy lead to a human and health tragedy. When my wife and &hellip;<\/p>","protected":false},"author":29,"featured_media":0,"parent":0,"menu_order":0,"comment_status":"closed","ping_status":"closed","template":"","meta":{"_exactmetrics_skip_tracking":false,"_exactmetrics_sitenote_active":false,"_exactmetrics_sitenote_note":"","_exactmetrics_sitenote_category":0,"cybocfi_hide_featured_image":"","footnotes":""},"class_list":["post-25090","page","type-page","status-publish","hentry"],"_links":{"self":[{"href":"https:\/\/www.tonyelumelufoundation.org\/fr\/wp-json\/wp\/v2\/pages\/25090","targetHints":{"allow":["GET"]}}],"collection":[{"href":"https:\/\/www.tonyelumelufoundation.org\/fr\/wp-json\/wp\/v2\/pages"}],"about":[{"href":"https:\/\/www.tonyelumelufoundation.org\/fr\/wp-json\/wp\/v2\/types\/page"}],"author":[{"embeddable":true,"href":"https:\/\/www.tonyelumelufoundation.org\/fr\/wp-json\/wp\/v2\/users\/29"}],"replies":[{"embeddable":true,"href":"https:\/\/www.tonyelumelufoundation.org\/fr\/wp-json\/wp\/v2\/comments?post=25090"}],"version-history":[{"count":0,"href":"https:\/\/www.tonyelumelufoundation.org\/fr\/wp-json\/wp\/v2\/pages\/25090\/revisions"}],"wp:attachment":[{"href":"https:\/\/www.tonyelumelufoundation.org\/fr\/wp-json\/wp\/v2\/media?parent=25090"}],"curies":[{"name":"wp","href":"https:\/\/api.w.org\/{rel}","templated":true}]}}