{"id":25090,"date":"2024-04-22T14:40:02","date_gmt":"2024-04-22T13:40:02","guid":{"rendered":"https:\/\/www.tonyelumelufoundation.org\/?page_id=25090"},"modified":"2024-10-15T13:30:29","modified_gmt":"2024-10-15T12:30:29","slug":"carta-dos-fundadores","status":"publish","type":"page","link":"https:\/\/www.tonyelumelufoundation.org\/pt\/founders-letter","title":{"rendered":"Carta do Fundador"},"content":{"rendered":"<div data-elementor-type=\"wp-page\" data-elementor-id=\"25090\" class=\"elementor elementor-25090\" data-elementor-post-type=\"page\">\n\t\t\t\t\t\t<section class=\"elementor-section elementor-top-section elementor-element elementor-element-30bf723 elementor-section-height-min-height elementor-section-stretched elementor-section-boxed elementor-section-height-default elementor-section-items-middle\" data-id=\"30bf723\" data-element_type=\"section\" data-e-type=\"section\" data-settings=\"{&quot;background_background&quot;:&quot;classic&quot;,&quot;stretch_section&quot;:&quot;section-stretched&quot;}\">\n\t\t\t\t\t\t\t<div class=\"elementor-background-overlay\"><\/div>\n\t\t\t\t\t\t\t<div class=\"elementor-container elementor-column-gap-no\">\n\t\t\t\t\t<div class=\"elementor-column elementor-col-50 elementor-top-column elementor-element elementor-element-95a5715\" data-id=\"95a5715\" data-element_type=\"column\" data-e-type=\"column\" data-settings=\"{&quot;background_background&quot;:&quot;classic&quot;}\">\n\t\t\t<div class=\"elementor-widget-wrap elementor-element-populated\">\n\t\t\t\t\t\t<div class=\"elementor-element elementor-element-c72a00c animated-slow elementor-invisible elementor-widget elementor-widget-heading\" data-id=\"c72a00c\" data-element_type=\"widget\" data-e-type=\"widget\" data-settings=\"{&quot;_animation&quot;:&quot;fadeIn&quot;}\" data-widget_type=\"heading.default\">\n\t\t\t\t<div class=\"elementor-widget-container\">\n\t\t\t\t\t<h1 class=\"elementor-heading-title elementor-size-default\">Carta do Fundador<\/h1>\t\t\t\t<\/div>\n\t\t\t\t<\/div>\n\t\t\t\t\t<\/div>\n\t\t<\/div>\n\t\t\t\t<div class=\"elementor-column elementor-col-50 elementor-top-column elementor-element elementor-element-e2ab176\" data-id=\"e2ab176\" data-element_type=\"column\" data-e-type=\"column\">\n\t\t\t<div class=\"elementor-widget-wrap\">\n\t\t\t\t\t\t\t<\/div>\n\t\t<\/div>\n\t\t\t\t\t<\/div>\n\t\t<\/section>\n\t\t\t\t<section class=\"elementor-section elementor-top-section elementor-element elementor-element-3cc4793 elementor-section-boxed elementor-section-height-default elementor-section-height-default\" data-id=\"3cc4793\" data-element_type=\"section\" data-e-type=\"section\">\n\t\t\t\t\t\t<div class=\"elementor-container elementor-column-gap-default\">\n\t\t\t\t\t<div class=\"elementor-column elementor-col-100 elementor-top-column elementor-element elementor-element-73f2eb7\" data-id=\"73f2eb7\" data-element_type=\"column\" data-e-type=\"column\" data-settings=\"{&quot;background_background&quot;:&quot;classic&quot;}\">\n\t\t\t<div class=\"elementor-widget-wrap elementor-element-populated\">\n\t\t\t\t\t\t<div class=\"elementor-element elementor-element-15f9d4a elementor-widget elementor-widget-text-editor\" data-id=\"15f9d4a\" data-element_type=\"widget\" data-e-type=\"widget\" data-widget_type=\"text-editor.default\">\n\t\t\t\t<div class=\"elementor-widget-container\">\n\t\t\t\t\t\t\t\t\t<p>Como africano, vejo e tenho visto em primeira m\u00e3o \u2013 desde a minha juventude \u2013 a liga\u00e7\u00e3o entre o ambiente, a pobreza e o clima. Venho da regi\u00e3o do Delta do N\u00edger, na Nig\u00e9ria, e, enquanto crescia, testemunhei diretamente como a degrada\u00e7\u00e3o ambiental e a trag\u00e9dia levam a uma trag\u00e9dia humana e de sa\u00fade.<\/p>\n<p>Quando a minha esposa e eu cri\u00e1mos a Funda\u00e7\u00e3o Tony Elumelu em 2010, pretend\u00edamos capacitar e melhorar a vida dos jovens de uma forma catal\u00edtica, de uma forma que ajudasse \u00c1frica a desenvolver-se a partir de dentro. Acreditamos que ningu\u00e9m al\u00e9m de n\u00f3s desenvolver\u00e1 \u00c1frica. Sabemos onde o sapato nos aperta e como \u00e9 a sensa\u00e7\u00e3o. Treze anos depois, estamos muito entusiasmados por ver estes jovens africanos que temos apoiado ao longo dos anos \u2013 qu\u00e3o en\u00e9rgicos eles s\u00e3o e qu\u00e3o entusiasmados est\u00e3o por contribuir com a sua pr\u00f3pria quota para ajudar a mudar e melhorar vidas no continente.<\/p>\n<p>Vemos o impacto devastador das altera\u00e7\u00f5es clim\u00e1ticas no continente. Vemos como o seu impacto negativo est\u00e1 a privar vidas e meios de subsist\u00eancia. Vemos inunda\u00e7\u00f5es. Vemos a fome. Vemos desertifica\u00e7\u00e3o. Vemos doen\u00e7as. A preval\u00eancia da mal\u00e1ria est\u00e1 a aumentar devido \u00e0s mudan\u00e7as de temperatura e \u00e0s condi\u00e7\u00f5es clim\u00e1ticas adversas. O controlo da mal\u00e1ria tornou-se mais dif\u00edcil do que nunca. Na verdade, n\u00e3o podemos falar sobre o desenvolvimento econ\u00f3mico de \u00c1frica sem combater as altera\u00e7\u00f5es clim\u00e1ticas.<\/p>\n<p>O desemprego \u00e9 uma trai\u00e7\u00e3o aos jovens africanos. O desemprego juvenil continua a ser um problema importante no continente. O impacto desastroso das altera\u00e7\u00f5es clim\u00e1ticas est\u00e1 a agravar o desemprego. Lemos e ouvimos falar do problema da emigra\u00e7\u00e3o de jovens de \u00c1frica para a Europa em condi\u00e7\u00f5es muito duras. Devemos nos perguntar por que eles fazem isso. Porque s\u00e3o movidos pela pobreza; s\u00e3o movidos pelo desemprego, s\u00e3o movidos pelo facto de n\u00e3o haver esperan\u00e7a para o amanh\u00e3, por isso preferem morrer a atravessar o Mediterr\u00e2neo do que ficar sentados no continente e sem emprego.<\/p>\n<p>Esta \u00e9 a trag\u00e9dia da nossa vida. Precisamos de trabalhar em colabora\u00e7\u00e3o \u2013 ag\u00eancias de desenvolvimento, governos e o setor privado global. Como criamos empregos para os nossos jovens? Como podemos melhorar as condi\u00e7\u00f5es econ\u00f3micas e humanas no continente africano?<\/p>\n<p>Como conseguimos isso face ao impacto clim\u00e1tico? Se voc\u00ea quiser ir r\u00e1pido, v\u00e1 sozinho. Se voc\u00ea quer ir longe, v\u00e1 com gente. Para que isto tenha sucesso, precisamos de uma coliga\u00e7\u00e3o, uma coliga\u00e7\u00e3o global, uma coliga\u00e7\u00e3o Norte-Sul. Precisamos das nossas mulheres, dos nossos jovens, do nosso sector privado, das ag\u00eancias de desenvolvimento e do governo, todos n\u00f3s unidos para propagar e fazer com que o mundo saiba, como vemos todos os dias nas nossas respectivas comunidades, que as altera\u00e7\u00f5es clim\u00e1ticas s\u00e3o reais. Tem um impacto revelador na sa\u00fade. Tem um impacto significativo no desemprego. Tem um enorme impacto na seguran\u00e7a.<\/p>\n<p>As pessoas que s\u00e3o privadas das suas oportunidades econ\u00f3micas recorrem ao extremismo. Eu vi isso em primeira m\u00e3o. O extremismo est\u00e1 a ser alimentado pela pobreza e agravado pela desertifica\u00e7\u00e3o. Se olharmos para a regi\u00e3o do Sahel em \u00c1frica, uma regi\u00e3o que sofre mais com o impacto das altera\u00e7\u00f5es clim\u00e1ticas, a inseguran\u00e7a \u00e9 mais elevada. A nossa juventude em \u00c1frica vive actualmente num dos contextos mais desafiantes e complexos do mundo. Devemos mobilizar-nos como l\u00edderes nos sectores p\u00fablico e privado para abordar o papel cr\u00edtico da juventude na contribui\u00e7\u00e3o para a paz, a seguran\u00e7a, a estabilidade e o crescimento econ\u00f3mico em \u00c1frica.<\/p>\n<p>Os jovens do continente, especificamente os empres\u00e1rios en\u00e9rgicos e din\u00e2micos, apresentam a melhor oportunidade para catalisar o desenvolvimento econ\u00f3mico sustent\u00e1vel para a emerg\u00eancia de \u00c1frica. O sucesso dos nossos jovens empres\u00e1rios africanos ir\u00e1 gerar a ascens\u00e3o da classe m\u00e9dia africana. A \u00c1frica Subsariana tem a taxa de empreendedorismo mais elevada do mundo: quase 60% da popula\u00e7\u00e3o activa s\u00e3o trabalhadores independentes ou empregadores e devemos aproveitar este potencial para o desenvolvimento socioecon\u00f3mico do continente.<\/p>\n<p>A abordagem catal\u00edtica da Funda\u00e7\u00e3o Tony Elumelu \u00e0 cria\u00e7\u00e3o de emprego capacita jovens empreendedores nos 54 pa\u00edses do continente, fornecendo capital inicial, forma\u00e7\u00e3o e orienta\u00e7\u00e3o. Os nossos mais de 19.000 jovens empreendedores africanos que foram financiados com US$ 5.000 de capital inicial e receberam forma\u00e7\u00e3o empresarial e orienta\u00e7\u00e3o, criaram direta e indiretamente 400.000 empregos em todo o continente. Atrav\u00e9s da nossa plataforma TEFConnect.com, demos acesso a conte\u00fados de forma\u00e7\u00e3o em gest\u00e3o empresarial a 1,5 milh\u00f5es de jovens africanos no continente.<\/p>\n<p>Compreendemos o papel do empreendedorismo na constru\u00e7\u00e3o da resili\u00eancia clim\u00e1tica. Os empres\u00e1rios e as suas ideias inovadoras podem ajudar a resolver a crise clim\u00e1tica que o continente enfrenta \u2013 uma combina\u00e7\u00e3o perigosa de emiss\u00f5es de carbono, degrada\u00e7\u00e3o ambiental e aquecimento global. O empreendedorismo verde e o agroempreendedorismo desempenham pap\u00e9is cr\u00edticos na promo\u00e7\u00e3o de uma mentalidade mais verde e sustent\u00e1vel, bem como na oferta de solu\u00e7\u00f5es inovadoras para quest\u00f5es ambientais, e devemos incluir as pessoas por detr\u00e1s destes empreendimentos para podermos alcan\u00e7ar a equidade clim\u00e1tica ao n\u00edvel granular. Mais de 1.500 empres\u00e1rios da Funda\u00e7\u00e3o Tony Elumelu dirigem pequenas empresas que abordam quest\u00f5es ambientais, em setores que v\u00e3o desde energia\/gera\u00e7\u00e3o de energia at\u00e9 gest\u00e3o de res\u00edduos. Os empres\u00e1rios da Nig\u00e9ria, do Uganda e do Qu\u00e9nia desenvolveram at\u00e9 agora os neg\u00f3cios mais ecol\u00f3gicos e mais conscientes da sustentabilidade.<\/p>\n<p>Nosso \u00faltimo relat\u00f3rio de impacto mostra nossa abordagem e conquistas no espa\u00e7o verde. As empresas verdes que apoi\u00e1mos criaram colectivamente quase 10.000 empregos dignos. Cerca de 84% dos nossos ex-alunos do TEF tomaram medidas para minimizar as emiss\u00f5es de carbono nas suas opera\u00e7\u00f5es. Um total de 91% de todos os nossos empreendedores est\u00e3o reduzindo ativamente o desperd\u00edcio em suas pr\u00e1ticas comerciais. Atrav\u00e9s dos nossos programas e abordagens inovadoras, estamos a fazer progressos no sentido de concretizar a nossa vis\u00e3o de um continente pr\u00f3spero e autossuficiente. Mas devemos fazer mais.<\/p>\n<p>Aguardamos com expectativa novas parcerias com parceiros com ideias semelhantes, empenhados em capacitar jovens empreendedores africanos. Como dizem, se voc\u00ea quer ir r\u00e1pido, v\u00e1 sozinho. Se voc\u00ea quer ir longe, v\u00e1 com gente. Trata-se de parceria, trata-se de unidade, trata-se de todos n\u00f3s percebermos que h\u00e1 muito a fazer para capacitar os jovens no continente africano. Uma institui\u00e7\u00e3o, uma Funda\u00e7\u00e3o n\u00e3o pode fazer isto sozinha; precisamos do poder da colabora\u00e7\u00e3o, precisamos do poder da parceria. Devemos desempenhar o nosso papel para tornar o mundo um lugar melhor para todos, porque a pobreza em qualquer lugar \u00e9 uma amea\u00e7a para todos n\u00f3s, em todo o mundo.<\/p>\n<div style=\"text-align: justify;\"><br><\/div>\n<p><\/p>\t\t\t\t\t\t\t\t<\/div>\n\t\t\t\t<\/div>\n\t\t\t\t\t<\/div>\n\t\t<\/div>\n\t\t\t\t\t<\/div>\n\t\t<\/section>\n\t\t\t\t<section class=\"elementor-section elementor-top-section elementor-element elementor-element-0f1daf9 elementor-section-boxed elementor-section-height-default elementor-section-height-default\" data-id=\"0f1daf9\" data-element_type=\"section\" data-e-type=\"section\">\n\t\t\t\t\t\t<div class=\"elementor-container elementor-column-gap-default\">\n\t\t\t\t\t<div class=\"elementor-column elementor-col-25 elementor-top-column elementor-element elementor-element-5a2de68\" data-id=\"5a2de68\" data-element_type=\"column\" data-e-type=\"column\">\n\t\t\t<div class=\"elementor-widget-wrap elementor-element-populated\">\n\t\t\t\t\t\t<div class=\"elementor-element elementor-element-8b44e34 elementor-widget elementor-widget-image\" data-id=\"8b44e34\" data-element_type=\"widget\" data-e-type=\"widget\" data-widget_type=\"image.default\">\n\t\t\t\t<div class=\"elementor-widget-container\">\n\t\t\t\t\t\t\t\t\t\t\t\t\t\t\t<img decoding=\"async\" width=\"150\" height=\"150\" src=\"https:\/\/www.tonyelumelufoundation.org\/wp-content\/uploads\/2024\/04\/Untitled-14-1-150x150.png\" class=\"attachment-thumbnail size-thumbnail wp-image-25123\" alt=\"\" srcset=\"https:\/\/www.tonyelumelufoundation.org\/wp-content\/uploads\/2024\/04\/Untitled-14-1-150x150.png 150w, https:\/\/www.tonyelumelufoundation.org\/wp-content\/uploads\/2024\/04\/Untitled-14-1-100x100.png 100w\" sizes=\"(max-width: 150px) 100vw, 150px\">\t\t\t\t\t\t\t\t\t\t\t\t\t\t\t<\/div>\n\t\t\t\t<\/div>\n\t\t\t\t\t<\/div>\n\t\t<\/div>\n\t\t\t\t<div class=\"elementor-column elementor-col-25 elementor-top-column elementor-element elementor-element-f3278c3\" data-id=\"f3278c3\" data-element_type=\"column\" data-e-type=\"column\">\n\t\t\t<div class=\"elementor-widget-wrap\">\n\t\t\t\t\t\t\t<\/div>\n\t\t<\/div>\n\t\t\t\t<div class=\"elementor-column elementor-col-25 elementor-top-column elementor-element elementor-element-d1dd60a\" data-id=\"d1dd60a\" data-element_type=\"column\" data-e-type=\"column\">\n\t\t\t<div class=\"elementor-widget-wrap\">\n\t\t\t\t\t\t\t<\/div>\n\t\t<\/div>\n\t\t\t\t<div class=\"elementor-column elementor-col-25 elementor-top-column elementor-element elementor-element-3b1d7e9\" data-id=\"3b1d7e9\" data-element_type=\"column\" data-e-type=\"column\">\n\t\t\t<div class=\"elementor-widget-wrap\">\n\t\t\t\t\t\t\t<\/div>\n\t\t<\/div>\n\t\t\t\t\t<\/div>\n\t\t<\/section>\n\t\t\t\t<section class=\"elementor-section elementor-top-section elementor-element elementor-element-3f3b0b6 elementor-section-boxed elementor-section-height-default elementor-section-height-default\" data-id=\"3f3b0b6\" data-element_type=\"section\" data-e-type=\"section\">\n\t\t\t\t\t\t<div class=\"elementor-container elementor-column-gap-default\">\n\t\t\t\t\t<div class=\"elementor-column elementor-col-100 elementor-top-column elementor-element elementor-element-5479704\" data-id=\"5479704\" data-element_type=\"column\" data-e-type=\"column\">\n\t\t\t<div class=\"elementor-widget-wrap elementor-element-populated\">\n\t\t\t\t\t\t<div class=\"elementor-element elementor-element-3a132c4 elementor-widget elementor-widget-spacer\" data-id=\"3a132c4\" data-element_type=\"widget\" data-e-type=\"widget\" data-widget_type=\"spacer.default\">\n\t\t\t\t<div class=\"elementor-widget-container\">\n\t\t\t\t\t\t\t<div class=\"elementor-spacer\">\n\t\t\t<div class=\"elementor-spacer-inner\"><\/div>\n\t\t<\/div>\n\t\t\t\t\t\t<\/div>\n\t\t\t\t<\/div>\n\t\t\t\t\t<\/div>\n\t\t<\/div>\n\t\t\t\t\t<\/div>\n\t\t<\/section>\n\t\t\t\t<\/div>","protected":false},"excerpt":{"rendered":"<p>Founder&#8217;s Letter As an African, I see and have seen firsthand \u2013right from my youth \u2013 the linkage between the environment, poverty, and climate. I come from the Niger Delta region of Nigeria and, growing up, I witnessed directly how environmental degradation and tragedy lead to a human and health tragedy. When my wife and &hellip;<\/p>","protected":false},"author":29,"featured_media":0,"parent":0,"menu_order":0,"comment_status":"closed","ping_status":"closed","template":"","meta":{"_exactmetrics_skip_tracking":false,"_exactmetrics_sitenote_active":false,"_exactmetrics_sitenote_note":"","_exactmetrics_sitenote_category":0,"cybocfi_hide_featured_image":"","footnotes":""},"class_list":["post-25090","page","type-page","status-publish","hentry"],"_links":{"self":[{"href":"https:\/\/www.tonyelumelufoundation.org\/pt\/wp-json\/wp\/v2\/pages\/25090","targetHints":{"allow":["GET"]}}],"collection":[{"href":"https:\/\/www.tonyelumelufoundation.org\/pt\/wp-json\/wp\/v2\/pages"}],"about":[{"href":"https:\/\/www.tonyelumelufoundation.org\/pt\/wp-json\/wp\/v2\/types\/page"}],"author":[{"embeddable":true,"href":"https:\/\/www.tonyelumelufoundation.org\/pt\/wp-json\/wp\/v2\/users\/29"}],"replies":[{"embeddable":true,"href":"https:\/\/www.tonyelumelufoundation.org\/pt\/wp-json\/wp\/v2\/comments?post=25090"}],"version-history":[{"count":0,"href":"https:\/\/www.tonyelumelufoundation.org\/pt\/wp-json\/wp\/v2\/pages\/25090\/revisions"}],"wp:attachment":[{"href":"https:\/\/www.tonyelumelufoundation.org\/pt\/wp-json\/wp\/v2\/media?parent=25090"}],"curies":[{"name":"wp","href":"https:\/\/api.w.org\/{rel}","templated":true}]}}