{"id":7841,"date":"2018-11-27T11:12:47","date_gmt":"2018-11-27T10:12:47","guid":{"rendered":"http:\/\/tonyelumelufoundation.org\/?page_id=7841"},"modified":"2024-04-30T11:43:01","modified_gmt":"2024-04-30T10:43:01","slug":"mentores-tef","status":"publish","type":"page","link":"https:\/\/www.tonyelumelufoundation.org\/pt\/mentors\/tef-mentors","title":{"rendered":"Mentores TEF"},"content":{"rendered":"<div data-elementor-type=\"wp-post\" data-elementor-id=\"7841\" class=\"elementor elementor-7841\" data-elementor-post-type=\"page\">\n\t\t\t\t\t\t<section class=\"elementor-section elementor-top-section elementor-element elementor-element-f3f0445 elementor-section-height-min-height elementor-section-stretched elementor-section-boxed elementor-section-height-default elementor-section-items-middle\" data-id=\"f3f0445\" data-element_type=\"section\" data-e-type=\"section\" data-settings=\"{&quot;background_background&quot;:&quot;classic&quot;,&quot;stretch_section&quot;:&quot;section-stretched&quot;}\">\n\t\t\t\t\t\t\t<div class=\"elementor-background-overlay\"><\/div>\n\t\t\t\t\t\t\t<div class=\"elementor-container elementor-column-gap-no\">\n\t\t\t\t\t<div class=\"elementor-column elementor-col-50 elementor-top-column elementor-element elementor-element-77314b1\" data-id=\"77314b1\" data-element_type=\"column\" data-e-type=\"column\" data-settings=\"{&quot;background_background&quot;:&quot;classic&quot;}\">\n\t\t\t<div class=\"elementor-widget-wrap elementor-element-populated\">\n\t\t\t\t\t\t<div class=\"elementor-element elementor-element-34eb3a6 elementor-widget elementor-widget-heading\" data-id=\"34eb3a6\" data-element_type=\"widget\" data-e-type=\"widget\" data-widget_type=\"heading.default\">\n\t\t\t\t<div class=\"elementor-widget-container\">\n\t\t\t\t\t<h1 class=\"elementor-heading-title elementor-size-default\">MENTORES TEF<\/h1>\t\t\t\t<\/div>\n\t\t\t\t<\/div>\n\t\t\t\t\t<\/div>\n\t\t<\/div>\n\t\t\t\t<div class=\"elementor-column elementor-col-50 elementor-top-column elementor-element elementor-element-056d8e9\" data-id=\"056d8e9\" data-element_type=\"column\" data-e-type=\"column\">\n\t\t\t<div class=\"elementor-widget-wrap\">\n\t\t\t\t\t\t\t<\/div>\n\t\t<\/div>\n\t\t\t\t\t<\/div>\n\t\t<\/section>\n\t\t\t\t<section class=\"elementor-section elementor-top-section elementor-element elementor-element-6e73e62 elementor-section-boxed elementor-section-height-default elementor-section-height-default\" data-id=\"6e73e62\" data-element_type=\"section\" data-e-type=\"section\">\n\t\t\t\t\t\t<div class=\"elementor-container elementor-column-gap-default\">\n\t\t\t\t\t<div class=\"elementor-column elementor-col-100 elementor-top-column elementor-element elementor-element-9290a28\" data-id=\"9290a28\" data-element_type=\"column\" data-e-type=\"column\">\n\t\t\t<div class=\"elementor-widget-wrap elementor-element-populated\">\n\t\t\t\t\t\t<div class=\"elementor-element elementor-element-bcce3fd elementor-grid-2 elementor-posts--align-left success-posts elementor-grid-tablet-2 elementor-grid-mobile-1 elementor-posts--thumbnail-top elementor-widget elementor-widget-posts\" data-id=\"bcce3fd\" data-element_type=\"widget\" data-e-type=\"widget\" data-settings=\"{&quot;classic_columns&quot;:&quot;2&quot;,&quot;classic_row_gap&quot;:{&quot;unit&quot;:&quot;px&quot;,&quot;size&quot;:20,&quot;sizes&quot;:[]},&quot;pagination_type&quot;:&quot;numbers_and_prev_next&quot;,&quot;classic_columns_tablet&quot;:&quot;2&quot;,&quot;classic_columns_mobile&quot;:&quot;1&quot;,&quot;classic_row_gap_tablet&quot;:{&quot;unit&quot;:&quot;px&quot;,&quot;size&quot;:&quot;&quot;,&quot;sizes&quot;:[]},&quot;classic_row_gap_mobile&quot;:{&quot;unit&quot;:&quot;px&quot;,&quot;size&quot;:&quot;&quot;,&quot;sizes&quot;:[]}}\" data-widget_type=\"posts.classic\">\n\t\t\t\t<div class=\"elementor-widget-container\">\n\t\t\t\t\t\t\t<div class=\"elementor-posts-container elementor-posts elementor-posts--skin-classic elementor-grid\" role=\"list\">\n\t\t\t\t<article class=\"elementor-post elementor-grid-item post-10135 post type-post status-publish format-standard has-post-thumbnail hentry category-articles category-mentors tag-mentor tag-tef tag-tef-mentor tag-tony-elumelu tag-tony-elumelu-foundation\" role=\"listitem\">\n\t\t\t\t<a class=\"elementor-post__thumbnail__link\" href=\"https:\/\/www.tonyelumelufoundation.org\/pt\/articles\/mentoring-is-about-sharing-experiences-tinashe-gombiro\" tabindex=\"-1\">\n\t\t\t<div class=\"elementor-post__thumbnail\"><img fetchpriority=\"high\" decoding=\"async\" width=\"1000\" height=\"1000\" src=\"https:\/\/www.tonyelumelufoundation.org\/wp-content\/uploads\/2018\/10\/TEF-Mentor-Tinashe-Gombiro.jpg\" class=\"attachment-large size-large wp-image-6844\" alt=\"TEF-Mentor-Tinashe-Gombiro\" srcset=\"https:\/\/www.tonyelumelufoundation.org\/wp-content\/uploads\/2018\/10\/TEF-Mentor-Tinashe-Gombiro.jpg 1000w, https:\/\/www.tonyelumelufoundation.org\/wp-content\/uploads\/2018\/10\/TEF-Mentor-Tinashe-Gombiro-150x150.jpg 150w, https:\/\/www.tonyelumelufoundation.org\/wp-content\/uploads\/2018\/10\/TEF-Mentor-Tinashe-Gombiro-300x300.jpg 300w, https:\/\/www.tonyelumelufoundation.org\/wp-content\/uploads\/2018\/10\/TEF-Mentor-Tinashe-Gombiro-768x768.jpg 768w\" sizes=\"(max-width: 1000px) 100vw, 1000px\" \/><\/div>\n\t\t<\/a>\n\t\t\t\t<div class=\"elementor-post__text\">\n\t\t\t\t<h3 class=\"elementor-post__title\">\n\t\t\t<a href=\"https:\/\/www.tonyelumelufoundation.org\/pt\/articles\/mentoring-is-about-sharing-experiences-tinashe-gombiro\">\n\t\t\t\tMentoria \u00e9 compartilhar experi\u00eancias \u2013 Tinashe Gombiro\t\t\t<\/a>\n\t\t<\/h3>\n\t\t\t\t<div class=\"elementor-post__meta-data\">\n\t\t\t\t\t<span class=\"elementor-post-date\">\n\t\t\t29 de janeiro de 2020\t\t<\/span>\n\t\t\t\t<\/div>\n\t\t\t\t<div class=\"elementor-post__excerpt\">\n\t\t\t<p>A arte da Mentoria \u00e9 um pilar cr\u00edtico do Programa de Empreendedorismo TEF. Os mentores s\u00e3o seleccionados pela sua experi\u00eancia, paix\u00e3o pelo crescimento econ\u00f3mico de \u00c1frica e<\/p>\n\t\t<\/div>\n\t\t\n\t\t<a class=\"elementor-post__read-more\" href=\"https:\/\/www.tonyelumelufoundation.org\/pt\/articles\/mentoring-is-about-sharing-experiences-tinashe-gombiro\" aria-label=\"Read more about Mentoring is About Sharing Experiences &#8211; Tinashe Gombiro\" tabindex=\"-1\">\n\t\t\tLer mais \"\t\t<\/a>\n\n\t\t\t\t<\/div>\n\t\t\t\t<\/article>\n\t\t\t\t<article class=\"elementor-post elementor-grid-item post-8052 post type-post status-publish format-standard has-post-thumbnail hentry category-mentors category-news\" role=\"listitem\">\n\t\t\t\t<a class=\"elementor-post__thumbnail__link\" href=\"https:\/\/www.tonyelumelufoundation.org\/pt\/news\/meet-karin-jesuis-as-she-fuels-the-fire-of-african-entrepreneurship\" tabindex=\"-1\">\n\t\t\t<div class=\"elementor-post__thumbnail\"><img decoding=\"async\" width=\"512\" height=\"512\" src=\"https:\/\/www.tonyelumelufoundation.org\/wp-content\/uploads\/2019\/01\/Karin_Jesuis.jpg\" class=\"attachment-large size-large wp-image-8072\" alt=\"\" srcset=\"https:\/\/www.tonyelumelufoundation.org\/wp-content\/uploads\/2019\/01\/Karin_Jesuis.jpg 512w, https:\/\/www.tonyelumelufoundation.org\/wp-content\/uploads\/2019\/01\/Karin_Jesuis-150x150.jpg 150w, https:\/\/www.tonyelumelufoundation.org\/wp-content\/uploads\/2019\/01\/Karin_Jesuis-300x300.jpg 300w\" sizes=\"(max-width: 512px) 100vw, 512px\" \/><\/div>\n\t\t<\/a>\n\t\t\t\t<div class=\"elementor-post__text\">\n\t\t\t\t<h3 class=\"elementor-post__title\">\n\t\t\t<a href=\"https:\/\/www.tonyelumelufoundation.org\/pt\/news\/meet-karin-jesuis-as-she-fuels-the-fire-of-african-entrepreneurship\">\n\t\t\t\tConhe\u00e7a Karin Jesuis enquanto ela alimenta o fogo do empreendedorismo africano\t\t\t<\/a>\n\t\t<\/h3>\n\t\t\t\t<div class=\"elementor-post__meta-data\">\n\t\t\t\t\t<span class=\"elementor-post-date\">\n\t\t\t8 de fevereiro de 2019\t\t<\/span>\n\t\t\t\t<\/div>\n\t\t\t\t<div class=\"elementor-post__excerpt\">\n\t\t\t<p>\u201cVi a reda\u00e7\u00e3o do primeiro F\u00f3rum TEF e fiquei fisgado. O senhor Tony tinha dado in\u00edcio ao processo de emancipa\u00e7\u00e3o de \u00c1frica, eu queria<\/p>\n\t\t<\/div>\n\t\t\n\t\t<a class=\"elementor-post__read-more\" href=\"https:\/\/www.tonyelumelufoundation.org\/pt\/news\/meet-karin-jesuis-as-she-fuels-the-fire-of-african-entrepreneurship\" aria-label=\"Read more about Meet Karin Jesuis as She Fuels the Fire Of African Entrepreneurship\" tabindex=\"-1\">\n\t\t\tLer mais \"\t\t<\/a>\n\n\t\t\t\t<\/div>\n\t\t\t\t<\/article>\n\t\t\t\t<article class=\"elementor-post elementor-grid-item post-8034 post type-post status-publish format-standard has-post-thumbnail hentry category-mentors category-news\" role=\"listitem\">\n\t\t\t\t<a class=\"elementor-post__thumbnail__link\" href=\"https:\/\/www.tonyelumelufoundation.org\/pt\/news\/meet-yolanda-shields-the-veteran-coach\" tabindex=\"-1\">\n\t\t\t<div class=\"elementor-post__thumbnail\"><img decoding=\"async\" width=\"1024\" height=\"731\" src=\"https:\/\/www.tonyelumelufoundation.org\/wp-content\/uploads\/2019\/01\/yolands_HT-1024x731.jpg\" class=\"attachment-large size-large wp-image-8035\" alt=\"\" srcset=\"https:\/\/www.tonyelumelufoundation.org\/wp-content\/uploads\/2019\/01\/yolands_HT-1024x731.jpg 1024w, https:\/\/www.tonyelumelufoundation.org\/wp-content\/uploads\/2019\/01\/yolands_HT-300x214.jpg 300w, https:\/\/www.tonyelumelufoundation.org\/wp-content\/uploads\/2019\/01\/yolands_HT-768x549.jpg 768w, https:\/\/www.tonyelumelufoundation.org\/wp-content\/uploads\/2019\/01\/yolands_HT.jpg 1050w\" sizes=\"(max-width: 1024px) 100vw, 1024px\" \/><\/div>\n\t\t<\/a>\n\t\t\t\t<div class=\"elementor-post__text\">\n\t\t\t\t<h3 class=\"elementor-post__title\">\n\t\t\t<a href=\"https:\/\/www.tonyelumelufoundation.org\/pt\/news\/meet-yolanda-shields-the-veteran-coach\">\n\t\t\t\tConhe\u00e7a Yolanda Shields, a treinadora veterana\t\t\t<\/a>\n\t\t<\/h3>\n\t\t\t\t<div class=\"elementor-post__meta-data\">\n\t\t\t\t\t<span class=\"elementor-post-date\">\n\t\t\t18 de janeiro de 2019\t\t<\/span>\n\t\t\t\t<\/div>\n\t\t\t\t<div class=\"elementor-post__excerpt\">\n\t\t\t<p>Yolanda Shields, fundadora e CEO da YES Builds Coaching &amp; Consulting, \u00e9 consultora de neg\u00f3cios global, estrategista e autora de best-sellers com mais de 20 anos de experi\u00eancia<\/p>\n\t\t<\/div>\n\t\t\n\t\t<a class=\"elementor-post__read-more\" href=\"https:\/\/www.tonyelumelufoundation.org\/pt\/news\/meet-yolanda-shields-the-veteran-coach\" aria-label=\"Read more about Meet Yolanda Shields, The Veteran Coach\" tabindex=\"-1\">\n\t\t\tLer mais \"\t\t<\/a>\n\n\t\t\t\t<\/div>\n\t\t\t\t<\/article>\n\t\t\t\t<article class=\"elementor-post elementor-grid-item post-7938 post type-post status-publish format-standard has-post-thumbnail hentry category-mentors\" role=\"listitem\">\n\t\t\t\t<a class=\"elementor-post__thumbnail__link\" href=\"https:\/\/www.tonyelumelufoundation.org\/pt\/mentors\/meet-tania-tome-a-trailblazer-extraordinaire\" tabindex=\"-1\">\n\t\t\t<div class=\"elementor-post__thumbnail\"><img loading=\"lazy\" decoding=\"async\" width=\"640\" height=\"427\" src=\"https:\/\/www.tonyelumelufoundation.org\/wp-content\/uploads\/2018\/11\/Ta\u0302nia-Tome\u0301.jpg\" class=\"attachment-large size-large wp-image-7939\" alt=\"\" srcset=\"https:\/\/www.tonyelumelufoundation.org\/wp-content\/uploads\/2018\/11\/Ta\u0302nia-Tome\u0301.jpg 640w, https:\/\/www.tonyelumelufoundation.org\/wp-content\/uploads\/2018\/11\/Ta\u0302nia-Tome\u0301-300x200.jpg 300w\" sizes=\"(max-width: 640px) 100vw, 640px\" \/><\/div>\n\t\t<\/a>\n\t\t\t\t<div class=\"elementor-post__text\">\n\t\t\t\t<h3 class=\"elementor-post__title\">\n\t\t\t<a href=\"https:\/\/www.tonyelumelufoundation.org\/pt\/mentors\/meet-tania-tome-a-trailblazer-extraordinaire\">\n\t\t\t\tConhe\u00e7a T\u00e2nia Tom\u00e9, uma pioneira extraordin\u00e1ria\t\t\t<\/a>\n\t\t<\/h3>\n\t\t\t\t<div class=\"elementor-post__meta-data\">\n\t\t\t\t\t<span class=\"elementor-post-date\">\n\t\t\t30 de novembro de 2018\t\t<\/span>\n\t\t\t\t<\/div>\n\t\t\t\t<div class=\"elementor-post__excerpt\">\n\t\t\t<p>T\u00e2nia Tom\u00e9 \u00e9 fundadora e CEO da Ecokaya, uma empresa de investimento e consultoria que tem como objectivo identificar e desenvolver oportunidades de neg\u00f3cio localizadas em<\/p>\n\t\t<\/div>\n\t\t\n\t\t<a class=\"elementor-post__read-more\" href=\"https:\/\/www.tonyelumelufoundation.org\/pt\/mentors\/meet-tania-tome-a-trailblazer-extraordinaire\" aria-label=\"Read more about Meet T\u00e2nia Tom\u00e9, A Trailblazer Extraordinaire\" tabindex=\"-1\">\n\t\t\tLer mais \"\t\t<\/a>\n\n\t\t\t\t<\/div>\n\t\t\t\t<\/article>\n\t\t\t\t<article class=\"elementor-post elementor-grid-item post-7707 post type-post status-publish format-standard has-post-thumbnail hentry category-mentors\" role=\"listitem\">\n\t\t\t\t<a class=\"elementor-post__thumbnail__link\" href=\"https:\/\/www.tonyelumelufoundation.org\/pt\/mentors\/meet-walter-emiedafe-the-man-who-gives-back\" tabindex=\"-1\">\n\t\t\t<div class=\"elementor-post__thumbnail\"><img loading=\"lazy\" decoding=\"async\" width=\"960\" height=\"640\" src=\"https:\/\/www.tonyelumelufoundation.org\/wp-content\/uploads\/2018\/11\/Walter-Emiedafe-2.jpg\" class=\"attachment-large size-large wp-image-7708\" alt=\"\" srcset=\"https:\/\/www.tonyelumelufoundation.org\/wp-content\/uploads\/2018\/11\/Walter-Emiedafe-2.jpg 960w, https:\/\/www.tonyelumelufoundation.org\/wp-content\/uploads\/2018\/11\/Walter-Emiedafe-2-300x200.jpg 300w, https:\/\/www.tonyelumelufoundation.org\/wp-content\/uploads\/2018\/11\/Walter-Emiedafe-2-768x512.jpg 768w\" sizes=\"(max-width: 960px) 100vw, 960px\" \/><\/div>\n\t\t<\/a>\n\t\t\t\t<div class=\"elementor-post__text\">\n\t\t\t\t<h3 class=\"elementor-post__title\">\n\t\t\t<a href=\"https:\/\/www.tonyelumelufoundation.org\/pt\/mentors\/meet-walter-emiedafe-the-man-who-gives-back\">\n\t\t\t\tConhe\u00e7a Walter Emiedafe, o homem que retribui\t\t\t<\/a>\n\t\t<\/h3>\n\t\t\t\t<div class=\"elementor-post__meta-data\">\n\t\t\t\t\t<span class=\"elementor-post-date\">\n\t\t\t19 de novembro de 2018\t\t<\/span>\n\t\t\t\t<\/div>\n\t\t\t\t<div class=\"elementor-post__excerpt\">\n\t\t\t<p>Formado em estat\u00edstica com doze anos de experi\u00eancia em Administra\u00e7\u00e3o de Empresas e Gerenciamento de Projetos, Walter Emiedafe, mentor baseado no estado de Oyo, Nig\u00e9ria,<\/p>\n\t\t<\/div>\n\t\t\n\t\t<a class=\"elementor-post__read-more\" href=\"https:\/\/www.tonyelumelufoundation.org\/pt\/mentors\/meet-walter-emiedafe-the-man-who-gives-back\" aria-label=\"Read more about Meet Walter Emiedafe, The Man Who Gives Back\" tabindex=\"-1\">\n\t\t\tLer mais \"\t\t<\/a>\n\n\t\t\t\t<\/div>\n\t\t\t\t<\/article>\n\t\t\t\t<article class=\"elementor-post elementor-grid-item post-3998 post type-post status-publish format-standard has-post-thumbnail hentry category-mentors\" role=\"listitem\">\n\t\t\t\t<a class=\"elementor-post__thumbnail__link\" href=\"https:\/\/www.tonyelumelufoundation.org\/pt\/mentors\/paying-it-forward-through-mentorship-meet-ayo-sopitan-a-tef-mentor\" tabindex=\"-1\">\n\t\t\t<div class=\"elementor-post__thumbnail\"><img loading=\"lazy\" decoding=\"async\" width=\"200\" height=\"200\" src=\"https:\/\/www.tonyelumelufoundation.org\/wp-content\/uploads\/2017\/08\/AYO-SOPITAN.jpg\" class=\"attachment-large size-large wp-image-3999\" alt=\"\" srcset=\"https:\/\/www.tonyelumelufoundation.org\/wp-content\/uploads\/2017\/08\/AYO-SOPITAN.jpg 200w, https:\/\/www.tonyelumelufoundation.org\/wp-content\/uploads\/2017\/08\/AYO-SOPITAN-150x150.jpg 150w\" sizes=\"(max-width: 200px) 100vw, 200px\" \/><\/div>\n\t\t<\/a>\n\t\t\t\t<div class=\"elementor-post__text\">\n\t\t\t\t<h3 class=\"elementor-post__title\">\n\t\t\t<a href=\"https:\/\/www.tonyelumelufoundation.org\/pt\/mentors\/paying-it-forward-through-mentorship-meet-ayo-sopitan-a-tef-mentor\">\n\t\t\t\tPagando adiante por meio de mentoria: Conhe\u00e7a Ayo Sopitan, um mentor do TEF\t\t\t<\/a>\n\t\t<\/h3>\n\t\t\t\t<div class=\"elementor-post__meta-data\">\n\t\t\t\t\t<span class=\"elementor-post-date\">\n\t\t\t21 de agosto de 2017\t\t<\/span>\n\t\t\t\t<\/div>\n\t\t\t\t<div class=\"elementor-post__excerpt\">\n\t\t\t<p>\u201cAcredito firmemente na ideia de que quase nada \u00e9 imposs\u00edvel. Trago essa mentalidade para minhas atividades empreendedoras. \u2013 Ayo Sopitan Ayo Sopitan<\/p>\n\t\t<\/div>\n\t\t\n\t\t<a class=\"elementor-post__read-more\" href=\"https:\/\/www.tonyelumelufoundation.org\/pt\/mentors\/paying-it-forward-through-mentorship-meet-ayo-sopitan-a-tef-mentor\" aria-label=\"Read more about Paying it Forward Through Mentorship: Meet Ayo Sopitan, a TEF Mentor\" tabindex=\"-1\">\n\t\t\tLer mais \"\t\t<\/a>\n\n\t\t\t\t<\/div>\n\t\t\t\t<\/article>\n\t\t\t\t<article class=\"elementor-post elementor-grid-item post-3762 post type-post status-publish format-standard has-post-thumbnail hentry category-mentors\" role=\"listitem\">\n\t\t\t\t<a class=\"elementor-post__thumbnail__link\" href=\"https:\/\/www.tonyelumelufoundation.org\/pt\/mentors\/meet-tony-elumelu-entrepreneurship-programme-mentor-iselle-akwoue\" tabindex=\"-1\">\n\t\t\t<div class=\"elementor-post__thumbnail\"><img loading=\"lazy\" decoding=\"async\" width=\"1000\" height=\"1000\" src=\"https:\/\/www.tonyelumelufoundation.org\/wp-content\/uploads\/2018\/10\/TEF-Mento-Iselle.jpg\" class=\"attachment-large size-large wp-image-6843\" alt=\"\" srcset=\"https:\/\/www.tonyelumelufoundation.org\/wp-content\/uploads\/2018\/10\/TEF-Mento-Iselle.jpg 1000w, https:\/\/www.tonyelumelufoundation.org\/wp-content\/uploads\/2018\/10\/TEF-Mento-Iselle-150x150.jpg 150w, https:\/\/www.tonyelumelufoundation.org\/wp-content\/uploads\/2018\/10\/TEF-Mento-Iselle-300x300.jpg 300w, https:\/\/www.tonyelumelufoundation.org\/wp-content\/uploads\/2018\/10\/TEF-Mento-Iselle-768x768.jpg 768w\" sizes=\"(max-width: 1000px) 100vw, 1000px\" \/><\/div>\n\t\t<\/a>\n\t\t\t\t<div class=\"elementor-post__text\">\n\t\t\t\t<h3 class=\"elementor-post__title\">\n\t\t\t<a href=\"https:\/\/www.tonyelumelufoundation.org\/pt\/mentors\/meet-tony-elumelu-entrepreneurship-programme-mentor-iselle-akwoue\">\n\t\t\t\tConhe\u00e7a a mentora do programa de empreendedorismo Tony Elumelu, Iselle Akwoue\t\t\t<\/a>\n\t\t<\/h3>\n\t\t\t\t<div class=\"elementor-post__meta-data\">\n\t\t\t\t\t<span class=\"elementor-post-date\">\n\t\t\t30 de junho de 2017\t\t<\/span>\n\t\t\t\t<\/div>\n\t\t\t\t<div class=\"elementor-post__excerpt\">\n\t\t\t<p>Iselle Akwoue deu o salto para a plataforma desconhecida de ser empreendedora quando a crise do petr\u00f3leo atingiu o seu pa\u00eds \u2013 o Gab\u00e3o. Naquela hora<\/p>\n\t\t<\/div>\n\t\t\n\t\t<a class=\"elementor-post__read-more\" href=\"https:\/\/www.tonyelumelufoundation.org\/pt\/mentors\/meet-tony-elumelu-entrepreneurship-programme-mentor-iselle-akwoue\" aria-label=\"Read more about Meet Tony Elumelu Entrepreneurship Programme Mentor, Iselle Akwoue\" tabindex=\"-1\">\n\t\t\tLer mais \"\t\t<\/a>\n\n\t\t\t\t<\/div>\n\t\t\t\t<\/article>\n\t\t\t\t<\/div>\n\t\t\n\t\t\t\t\t\t<\/div>\n\t\t\t\t<\/div>\n\t\t\t\t<div class=\"elementor-element elementor-element-323c506 elementor-align-right elementor-widget elementor-widget-button\" data-id=\"323c506\" data-element_type=\"widget\" data-e-type=\"widget\" data-widget_type=\"button.default\">\n\t\t\t\t<div class=\"elementor-widget-container\">\n\t\t\t\t\t\t\t\t\t<div class=\"elementor-button-wrapper\">\n\t\t\t\t\t<a class=\"elementor-button elementor-button-link elementor-size-xs\" href=\"https:\/\/www.tonyelumelufoundation.org\/wp-content\/uploads\/2018\/09\/TEF-Mentor-list-2017-1.pdf\" target=\"_blank\">\n\t\t\t\t\t\t<span class=\"elementor-button-content-wrapper\">\n\t\t\t\t\t\t\t\t\t<span class=\"elementor-button-text\">VEJA UMA LISTA DE MENTORES TEF<\/span>\n\t\t\t\t\t<\/span>\n\t\t\t\t\t<\/a>\n\t\t\t\t<\/div>\n\t\t\t\t\t\t\t\t<\/div>\n\t\t\t\t<\/div>\n\t\t\t\t\t<\/div>\n\t\t<\/div>\n\t\t\t\t\t<\/div>\n\t\t<\/section>\n\t\t\t\t<section class=\"elementor-section elementor-top-section elementor-element elementor-element-535e4de elementor-section-height-min-height elementor-section-stretched elementor-section-boxed elementor-section-height-default elementor-section-items-middle\" data-id=\"535e4de\" data-element_type=\"section\" data-e-type=\"section\" data-settings=\"{&quot;background_background&quot;:&quot;classic&quot;,&quot;stretch_section&quot;:&quot;section-stretched&quot;}\">\n\t\t\t\t\t\t\t<div class=\"elementor-background-overlay\"><\/div>\n\t\t\t\t\t\t\t<div class=\"elementor-container elementor-column-gap-default\">\n\t\t\t\t\t<div class=\"elementor-column elementor-col-100 elementor-top-column elementor-element elementor-element-2fcdac6\" data-id=\"2fcdac6\" data-element_type=\"column\" data-e-type=\"column\">\n\t\t\t<div class=\"elementor-widget-wrap elementor-element-populated\">\n\t\t\t\t\t\t<div class=\"elementor-element elementor-element-9c2a077 elementor-widget elementor-widget-heading\" data-id=\"9c2a077\" data-element_type=\"widget\" data-e-type=\"widget\" data-widget_type=\"heading.default\">\n\t\t\t\t<div class=\"elementor-widget-container\">\n\t\t\t\t\t<h4 class=\"elementor-heading-title elementor-size-default\">Torne-se um mentor<\/h4>\t\t\t\t<\/div>\n\t\t\t\t<\/div>\n\t\t\t\t<div class=\"elementor-element elementor-element-ebfacb0 elementor-widget elementor-widget-text-editor\" data-id=\"ebfacb0\" data-element_type=\"widget\" data-e-type=\"widget\" data-widget_type=\"text-editor.default\">\n\t\t\t\t<div class=\"elementor-widget-container\">\n\t\t\t\t\t\t\t\t\t<div class=\"wpb_text_column wpb_content_element\"><div class=\"wpb_wrapper\"><p class=\"page-desc page-desc--history\"><span class=\"red-dotted\">Os mentores s\u00e3o uma parte vital do Programa de Empreendedorismo da Funda\u00e7\u00e3o Tony Elumelu e ser\u00e3o selecionados por sua experi\u00eancia, paix\u00e3o e alinhamento com a vis\u00e3o e miss\u00e3o do programa.<\/span><\/p><\/div><\/div><div class=\"wpb_text_column wpb_content_element  content-text\"><div class=\"wpb_wrapper\">\u00a0<\/div><\/div>\t\t\t\t\t\t\t\t<\/div>\n\t\t\t\t<\/div>\n\t\t\t\t<div class=\"elementor-element elementor-element-805d7f7 elementor-align-center elementor-widget elementor-widget-button\" data-id=\"805d7f7\" data-element_type=\"widget\" data-e-type=\"widget\" data-widget_type=\"button.default\">\n\t\t\t\t<div class=\"elementor-widget-container\">\n\t\t\t\t\t\t\t\t\t<div class=\"elementor-button-wrapper\">\n\t\t\t\t\t<a class=\"elementor-button elementor-button-link elementor-size-sm\" href=\"https:\/\/forms.gle\/TrtQiQygAoz4je2r6\" target=\"_blank\" rel=\"noopener\">\n\t\t\t\t\t\t<span class=\"elementor-button-content-wrapper\">\n\t\t\t\t\t\t\t\t\t<span class=\"elementor-button-text\">TORNE-SE UM MENTOR<\/span>\n\t\t\t\t\t<\/span>\n\t\t\t\t\t<\/a>\n\t\t\t\t<\/div>\n\t\t\t\t\t\t\t\t<\/div>\n\t\t\t\t<\/div>\n\t\t\t\t\t<\/div>\n\t\t<\/div>\n\t\t\t\t\t<\/div>\n\t\t<\/section>\n\t\t\t\t<\/div>","protected":false},"excerpt":{"rendered":"<p>TEF MENTORS VIEW A LIST OF TEF MENTORS Become A Mentor Mentors are a vital part of The Tony Elumelu Foundation Entrepreneurship Programme and will be selected for their expertise, passion and alignment to the programme vision and mission. \u00a0 BECOME A MENTOR<\/p>","protected":false},"author":21,"featured_media":0,"parent":27,"menu_order":0,"comment_status":"closed","ping_status":"closed","template":"","meta":{"_exactmetrics_skip_tracking":false,"_exactmetrics_sitenote_active":false,"_exactmetrics_sitenote_note":"","_exactmetrics_sitenote_category":0,"cybocfi_hide_featured_image":"","footnotes":""},"class_list":["post-7841","page","type-page","status-publish","hentry"],"_links":{"self":[{"href":"https:\/\/www.tonyelumelufoundation.org\/pt\/wp-json\/wp\/v2\/pages\/7841","targetHints":{"allow":["GET"]}}],"collection":[{"href":"https:\/\/www.tonyelumelufoundation.org\/pt\/wp-json\/wp\/v2\/pages"}],"about":[{"href":"https:\/\/www.tonyelumelufoundation.org\/pt\/wp-json\/wp\/v2\/types\/page"}],"author":[{"embeddable":true,"href":"https:\/\/www.tonyelumelufoundation.org\/pt\/wp-json\/wp\/v2\/users\/21"}],"replies":[{"embeddable":true,"href":"https:\/\/www.tonyelumelufoundation.org\/pt\/wp-json\/wp\/v2\/comments?post=7841"}],"version-history":[{"count":0,"href":"https:\/\/www.tonyelumelufoundation.org\/pt\/wp-json\/wp\/v2\/pages\/7841\/revisions"}],"up":[{"embeddable":true,"href":"https:\/\/www.tonyelumelufoundation.org\/pt\/wp-json\/wp\/v2\/pages\/27"}],"wp:attachment":[{"href":"https:\/\/www.tonyelumelufoundation.org\/pt\/wp-json\/wp\/v2\/media?parent=7841"}],"curies":[{"name":"wp","href":"https:\/\/api.w.org\/{rel}","templated":true}]}}